{"id":3277,"date":"2021-02-26T09:58:08","date_gmt":"2021-02-26T08:58:08","guid":{"rendered":"https:\/\/www.luxury-bed.fr\/?page_id=3277"},"modified":"2021-02-26T09:58:08","modified_gmt":"2021-02-26T08:58:08","slug":"ask-for-a-quote","status":"publish","type":"page","link":"https:\/\/www.luxury-bed.fr\/en\/ask-for-a-quote\/","title":{"rendered":"Ask for a quote"},"content":{"rendered":"<div class=\"row contact-bloc\">\n<div class=\"col-md-7\">\n<h3>Ask for a quote<\/h3>\n\n<div class=\"wpcf7 no-js\" id=\"wpcf7-f3195-o1\" lang=\"fr-FR\" dir=\"ltr\" data-wpcf7-id=\"3195\">\n<div class=\"screen-reader-response\"><p role=\"status\" aria-live=\"polite\" aria-atomic=\"true\"><\/p> <ul><\/ul><\/div>\n<form action=\"\/en\/wp-json\/wp\/v2\/pages\/3277#wpcf7-f3195-o1\" method=\"post\" class=\"wpcf7-form init\" aria-label=\"Formulaire de contact\" novalidate=\"novalidate\" data-status=\"init\">\n<fieldset class=\"hidden-fields-container\"><input type=\"hidden\" name=\"_wpcf7\" value=\"3195\" \/><input type=\"hidden\" name=\"_wpcf7_version\" value=\"6.1.5\" \/><input type=\"hidden\" name=\"_wpcf7_locale\" value=\"fr_FR\" \/><input type=\"hidden\" name=\"_wpcf7_unit_tag\" value=\"wpcf7-f3195-o1\" \/><input type=\"hidden\" name=\"_wpcf7_container_post\" value=\"0\" \/><input type=\"hidden\" name=\"_wpcf7_posted_data_hash\" value=\"\" \/>\n<\/fieldset>\n<div class=\"wpcf7-turnstile cf-turnstile\" data-sitekey=\"0x4AAAAAACDBq6mkjFd4ew-P\" data-response-field-name=\"_wpcf7_turnstile_response\"><\/div>\n\n<p><span class=\"wpcf7-form-control-wrap\" data-name=\"civilite\"><span class=\"wpcf7-form-control wpcf7-radio\"><span class=\"wpcf7-list-item first\"><label><input type=\"radio\" name=\"civilite\" value=\"Monsieur\" checked=\"checked\" \/><span class=\"wpcf7-list-item-label\">Monsieur<\/span><\/label><\/span><span class=\"wpcf7-list-item last\"><label><input type=\"radio\" name=\"civilite\" value=\"Madame\" \/><span class=\"wpcf7-list-item-label\">Madame<\/span><\/label><\/span><\/span><\/span><br \/>\n<span class=\"wpcf7-form-control-wrap\" data-name=\"prenom\"><input size=\"40\" maxlength=\"400\" class=\"wpcf7-form-control wpcf7-text wpcf7-validates-as-required\" aria-required=\"true\" aria-invalid=\"false\" placeholder=\"Pr\u00e9nom\" value=\"\" type=\"text\" name=\"prenom\" \/><\/span><br \/>\n<span class=\"wpcf7-form-control-wrap\" data-name=\"your-name\"><input size=\"40\" maxlength=\"400\" class=\"wpcf7-form-control wpcf7-text wpcf7-validates-as-required\" aria-required=\"true\" aria-invalid=\"false\" placeholder=\"Nom\" value=\"\" type=\"text\" name=\"your-name\" \/><\/span><br \/>\n<span class=\"wpcf7-form-control-wrap\" data-name=\"telephone\"><input size=\"40\" maxlength=\"400\" class=\"wpcf7-form-control wpcf7-tel wpcf7-validates-as-required wpcf7-text wpcf7-validates-as-tel\" aria-required=\"true\" aria-invalid=\"false\" placeholder=\"T\u00e9l\u00e9phone\" value=\"\" type=\"tel\" name=\"telephone\" \/><\/span><br \/>\n<span class=\"wpcf7-form-control-wrap\" data-name=\"email\"><input size=\"40\" maxlength=\"400\" class=\"wpcf7-form-control wpcf7-email wpcf7-validates-as-required wpcf7-text wpcf7-validates-as-email\" aria-required=\"true\" aria-invalid=\"false\" placeholder=\"Email\" value=\"\" type=\"email\" name=\"email\" \/><\/span><br \/>\n<span class=\"wpcf7-form-control-wrap\" data-name=\"matelas\"><input size=\"40\" maxlength=\"400\" class=\"wpcf7-form-control wpcf7-text wpcf7-validates-as-required\" aria-required=\"true\" aria-invalid=\"false\" placeholder=\"Matelas choisi\" value=\"\" type=\"text\" name=\"matelas\" \/><\/span><br \/>\n<span class=\"wpcf7-form-control-wrap\" data-name=\"dimension\"><input size=\"40\" maxlength=\"400\" class=\"wpcf7-form-control wpcf7-text wpcf7-validates-as-required\" aria-required=\"true\" aria-invalid=\"false\" placeholder=\"Dimensions\" value=\"\" type=\"text\" name=\"dimension\" \/><\/span><br \/>\n<span class=\"wpcf7-form-control-wrap\" data-name=\"message\"><textarea cols=\"40\" rows=\"10\" maxlength=\"2000\" class=\"wpcf7-form-control wpcf7-textarea wpcf7-validates-as-required\" aria-required=\"true\" aria-invalid=\"false\" placeholder=\"Message\" name=\"message\"><\/textarea><\/span>\n<\/p>\n<div style=\"margin-top:20px; margin-bottom:30px\">\n\t<p>Entrez ce code: <input type=\"hidden\" name=\"_wpcf7_captcha_challenge_captcha-170\" value=\"45263533\" \/><img decoding=\"async\" class=\"wpcf7-form-control wpcf7-captchac wpcf7-captcha-captcha-170\" width=\"72\" height=\"24\" alt=\"captcha\" src=\"https:\/\/www.luxury-bed.fr\/wp-content\/uploads\/wpcf7_captcha\/45263533.png\" \/><br \/>\n<span class=\"wpcf7-form-control-wrap\" data-name=\"captcha-170\"><input size=\"4\" maxlength=\"4\" class=\"wpcf7-form-control wpcf7-captchar\" autocomplete=\"off\" aria-invalid=\"false\" value=\"\" type=\"text\" name=\"captcha-170\" \/><\/span>\n\t<\/p>\n<\/div>\n<p><input class=\"wpcf7-form-control wpcf7-submit has-spinner\" type=\"submit\" value=\"Envoyer ma demande\" \/>\n<\/p><p style=\"display: none !important;\" class=\"akismet-fields-container\" data-prefix=\"_wpcf7_ak_\"><label>&#916;<textarea name=\"_wpcf7_ak_hp_textarea\" cols=\"45\" rows=\"8\" maxlength=\"100\"><\/textarea><\/label><input type=\"hidden\" id=\"ak_js_1\" name=\"_wpcf7_ak_js\" value=\"50\"\/><script>document.getElementById( \"ak_js_1\" ).setAttribute( \"value\", ( new Date() ).getTime() );<\/script><\/p><input type='hidden' class='wpcf7-pum' value='{\"closepopup\":false,\"closedelay\":0,\"openpopup\":false,\"openpopup_id\":0}' \/><div class=\"wpcf7-response-output\" aria-hidden=\"true\"><\/div>\n<\/form>\n<\/div>\n\n<\/div>\n<div class=\"col-md-5\">\n<p>&nbsp;<\/p>\n<h3 class=\"margintop50\">Contact Us<\/h3>\n<p><span class=\"picto adresse\">10, cours de la Libert\u00e9 &#8211; 69003 Lyon<\/span><br \/>\n<span class=\"picto tel\">+33(0) 4 78 37 59 30<\/span><br \/>\n<span class=\"picto mail\"><a href=\"mailto:lyon@luxurybed.fr\">lyon@luxurybed.fr<\/a><\/span><\/p>\n<\/div>\n<div class=\"col-12&quot;&lt;br\"><\/div>\n<hr class=\"ligne\" \/>\n<\/div>\n","protected":false},"excerpt":{"rendered":"<p>Ask for a quote &nbsp; Contact Us 10, cours de la Libert\u00e9 &#8211; 69003 Lyon +33(0) 4 78 37 59 30 lyon@luxurybed.fr [&#8230;]<\/p>\n<p><a class=\"btn btn-secondary understrap-read-more-link\" href=\"https:\/\/www.luxury-bed.fr\/en\/ask-for-a-quote\/\">Read More&#8230;<span class=\"screen-reader-text\"> from Ask for a quote<\/span><\/a><\/p>\n","protected":false},"author":5,"featured_media":1808,"parent":0,"menu_order":2,"comment_status":"open","ping_status":"open","template":"page-templates\/cmspage.php","meta":{"_acf_changed":false,"inline_featured_image":false,"footnotes":""},"class_list":["post-3277","page","type-page","status-publish","has-post-thumbnail","hentry"],"acf":[],"yoast_head":"<!-- This site is optimized with the Yoast SEO plugin v27.2 - https:\/\/yoast.com\/product\/yoast-seo-wordpress\/ -->\n<title>Ask for a quote - Luxury Bed<\/title>\n<meta name=\"robots\" content=\"index, follow, max-snippet:-1, max-image-preview:large, max-video-preview:-1\" \/>\n<link rel=\"canonical\" href=\"https:\/\/www.luxury-bed.fr\/en\/ask-for-a-quote\/\" \/>\n<meta property=\"og:locale\" content=\"en_US\" \/>\n<meta property=\"og:type\" content=\"article\" \/>\n<meta property=\"og:title\" content=\"Ask for a quote - Luxury Bed\" \/>\n<meta property=\"og:description\" content=\"Ask for a quote &nbsp; Contact Us 10, cours de la Libert\u00e9 &#8211; 69003 Lyon +33(0) 4 78 37 59 30 lyon@luxurybed.fr [...]Read More... from Ask for a quote\" \/>\n<meta property=\"og:url\" content=\"https:\/\/www.luxury-bed.fr\/en\/ask-for-a-quote\/\" \/>\n<meta property=\"og:site_name\" content=\"Luxury Bed\" \/>\n<meta property=\"og:image\" content=\"https:\/\/www.luxury-bed.fr\/wp-content\/uploads\/2017\/12\/LuxuryBed.jpg\" \/>\n\t<meta property=\"og:image:width\" content=\"1500\" \/>\n\t<meta property=\"og:image:height\" content=\"1500\" \/>\n\t<meta property=\"og:image:type\" content=\"image\/jpeg\" \/>\n<meta name=\"twitter:card\" content=\"summary_large_image\" \/>\n<meta name=\"twitter:label1\" content=\"Est. reading time\" \/>\n\t<meta name=\"twitter:data1\" content=\"1 minute\" \/>\n<script type=\"application\/ld+json\" class=\"yoast-schema-graph\">{\"@context\":\"https:\/\/schema.org\",\"@graph\":[{\"@type\":\"WebPage\",\"@id\":\"https:\/\/www.luxury-bed.fr\/en\/ask-for-a-quote\/\",\"url\":\"https:\/\/www.luxury-bed.fr\/en\/ask-for-a-quote\/\",\"name\":\"Ask for a quote - Luxury Bed\",\"isPartOf\":{\"@id\":\"https:\/\/www.luxury-bed.fr\/#website\"},\"primaryImageOfPage\":{\"@id\":\"https:\/\/www.luxury-bed.fr\/en\/ask-for-a-quote\/#primaryimage\"},\"image\":{\"@id\":\"https:\/\/www.luxury-bed.fr\/en\/ask-for-a-quote\/#primaryimage\"},\"thumbnailUrl\":\"https:\/\/www.luxury-bed.fr\/wp-content\/uploads\/2017\/12\/LuxuryBed.jpg\",\"datePublished\":\"2021-02-26T08:58:08+00:00\",\"breadcrumb\":{\"@id\":\"https:\/\/www.luxury-bed.fr\/en\/ask-for-a-quote\/#breadcrumb\"},\"inLanguage\":\"en-US\",\"potentialAction\":[{\"@type\":\"ReadAction\",\"target\":[\"https:\/\/www.luxury-bed.fr\/en\/ask-for-a-quote\/\"]}]},{\"@type\":\"ImageObject\",\"inLanguage\":\"en-US\",\"@id\":\"https:\/\/www.luxury-bed.fr\/en\/ask-for-a-quote\/#primaryimage\",\"url\":\"https:\/\/www.luxury-bed.fr\/wp-content\/uploads\/2017\/12\/LuxuryBed.jpg\",\"contentUrl\":\"https:\/\/www.luxury-bed.fr\/wp-content\/uploads\/2017\/12\/LuxuryBed.jpg\",\"width\":1500,\"height\":1500,\"caption\":\"Your King Size mattress at Luxury Bed\"},{\"@type\":\"BreadcrumbList\",\"@id\":\"https:\/\/www.luxury-bed.fr\/en\/ask-for-a-quote\/#breadcrumb\",\"itemListElement\":[{\"@type\":\"ListItem\",\"position\":1,\"name\":\"Accueil\",\"item\":\"https:\/\/www.luxury-bed.fr\/en\/\"},{\"@type\":\"ListItem\",\"position\":2,\"name\":\"Ask for a quote\"}]},{\"@type\":\"WebSite\",\"@id\":\"https:\/\/www.luxury-bed.fr\/#website\",\"url\":\"https:\/\/www.luxury-bed.fr\/\",\"name\":\"Luxury Bed\",\"description\":\"Vente literie de luxe Simmons, H\u00e4stens \u00e0 Lyon (69 - Rh\u00f4ne)\",\"publisher\":{\"@id\":\"https:\/\/www.luxury-bed.fr\/#organization\"},\"potentialAction\":[{\"@type\":\"SearchAction\",\"target\":{\"@type\":\"EntryPoint\",\"urlTemplate\":\"https:\/\/www.luxury-bed.fr\/?s={search_term_string}\"},\"query-input\":{\"@type\":\"PropertyValueSpecification\",\"valueRequired\":true,\"valueName\":\"search_term_string\"}}],\"inLanguage\":\"en-US\"},{\"@type\":\"Organization\",\"@id\":\"https:\/\/www.luxury-bed.fr\/#organization\",\"name\":\"Luxury Bed\",\"url\":\"https:\/\/www.luxury-bed.fr\/\",\"logo\":{\"@type\":\"ImageObject\",\"inLanguage\":\"en-US\",\"@id\":\"https:\/\/www.luxury-bed.fr\/#\/schema\/logo\/image\/\",\"url\":\"https:\/\/www.luxury-bed.fr\/wp-content\/uploads\/2017\/10\/Logo-LB.png\",\"contentUrl\":\"https:\/\/www.luxury-bed.fr\/wp-content\/uploads\/2017\/10\/Logo-LB.png\",\"width\":317,\"height\":125,\"caption\":\"Luxury Bed\"},\"image\":{\"@id\":\"https:\/\/www.luxury-bed.fr\/#\/schema\/logo\/image\/\"}}]}<\/script>\n<!-- \/ Yoast SEO plugin. -->","yoast_head_json":{"title":"Ask for a quote - Luxury Bed","robots":{"index":"index","follow":"follow","max-snippet":"max-snippet:-1","max-image-preview":"max-image-preview:large","max-video-preview":"max-video-preview:-1"},"canonical":"https:\/\/www.luxury-bed.fr\/en\/ask-for-a-quote\/","og_locale":"en_US","og_type":"article","og_title":"Ask for a quote - Luxury Bed","og_description":"Ask for a quote &nbsp; Contact Us 10, cours de la Libert\u00e9 &#8211; 69003 Lyon +33(0) 4 78 37 59 30 lyon@luxurybed.fr [...]Read More... from Ask for a quote","og_url":"https:\/\/www.luxury-bed.fr\/en\/ask-for-a-quote\/","og_site_name":"Luxury Bed","og_image":[{"width":1500,"height":1500,"url":"https:\/\/www.luxury-bed.fr\/wp-content\/uploads\/2017\/12\/LuxuryBed.jpg","type":"image\/jpeg"}],"twitter_card":"summary_large_image","twitter_misc":{"Est. reading time":"1 minute"},"schema":{"@context":"https:\/\/schema.org","@graph":[{"@type":"WebPage","@id":"https:\/\/www.luxury-bed.fr\/en\/ask-for-a-quote\/","url":"https:\/\/www.luxury-bed.fr\/en\/ask-for-a-quote\/","name":"Ask for a quote - Luxury Bed","isPartOf":{"@id":"https:\/\/www.luxury-bed.fr\/#website"},"primaryImageOfPage":{"@id":"https:\/\/www.luxury-bed.fr\/en\/ask-for-a-quote\/#primaryimage"},"image":{"@id":"https:\/\/www.luxury-bed.fr\/en\/ask-for-a-quote\/#primaryimage"},"thumbnailUrl":"https:\/\/www.luxury-bed.fr\/wp-content\/uploads\/2017\/12\/LuxuryBed.jpg","datePublished":"2021-02-26T08:58:08+00:00","breadcrumb":{"@id":"https:\/\/www.luxury-bed.fr\/en\/ask-for-a-quote\/#breadcrumb"},"inLanguage":"en-US","potentialAction":[{"@type":"ReadAction","target":["https:\/\/www.luxury-bed.fr\/en\/ask-for-a-quote\/"]}]},{"@type":"ImageObject","inLanguage":"en-US","@id":"https:\/\/www.luxury-bed.fr\/en\/ask-for-a-quote\/#primaryimage","url":"https:\/\/www.luxury-bed.fr\/wp-content\/uploads\/2017\/12\/LuxuryBed.jpg","contentUrl":"https:\/\/www.luxury-bed.fr\/wp-content\/uploads\/2017\/12\/LuxuryBed.jpg","width":1500,"height":1500,"caption":"Your King Size mattress at Luxury Bed"},{"@type":"BreadcrumbList","@id":"https:\/\/www.luxury-bed.fr\/en\/ask-for-a-quote\/#breadcrumb","itemListElement":[{"@type":"ListItem","position":1,"name":"Accueil","item":"https:\/\/www.luxury-bed.fr\/en\/"},{"@type":"ListItem","position":2,"name":"Ask for a quote"}]},{"@type":"WebSite","@id":"https:\/\/www.luxury-bed.fr\/#website","url":"https:\/\/www.luxury-bed.fr\/","name":"Luxury Bed","description":"Vente literie de luxe Simmons, H\u00e4stens \u00e0 Lyon (69 - Rh\u00f4ne)","publisher":{"@id":"https:\/\/www.luxury-bed.fr\/#organization"},"potentialAction":[{"@type":"SearchAction","target":{"@type":"EntryPoint","urlTemplate":"https:\/\/www.luxury-bed.fr\/?s={search_term_string}"},"query-input":{"@type":"PropertyValueSpecification","valueRequired":true,"valueName":"search_term_string"}}],"inLanguage":"en-US"},{"@type":"Organization","@id":"https:\/\/www.luxury-bed.fr\/#organization","name":"Luxury Bed","url":"https:\/\/www.luxury-bed.fr\/","logo":{"@type":"ImageObject","inLanguage":"en-US","@id":"https:\/\/www.luxury-bed.fr\/#\/schema\/logo\/image\/","url":"https:\/\/www.luxury-bed.fr\/wp-content\/uploads\/2017\/10\/Logo-LB.png","contentUrl":"https:\/\/www.luxury-bed.fr\/wp-content\/uploads\/2017\/10\/Logo-LB.png","width":317,"height":125,"caption":"Luxury Bed"},"image":{"@id":"https:\/\/www.luxury-bed.fr\/#\/schema\/logo\/image\/"}}]}},"_links":{"self":[{"href":"https:\/\/www.luxury-bed.fr\/en\/wp-json\/wp\/v2\/pages\/3277","targetHints":{"allow":["GET"]}}],"collection":[{"href":"https:\/\/www.luxury-bed.fr\/en\/wp-json\/wp\/v2\/pages"}],"about":[{"href":"https:\/\/www.luxury-bed.fr\/en\/wp-json\/wp\/v2\/types\/page"}],"author":[{"embeddable":true,"href":"https:\/\/www.luxury-bed.fr\/en\/wp-json\/wp\/v2\/users\/5"}],"replies":[{"embeddable":true,"href":"https:\/\/www.luxury-bed.fr\/en\/wp-json\/wp\/v2\/comments?post=3277"}],"version-history":[{"count":0,"href":"https:\/\/www.luxury-bed.fr\/en\/wp-json\/wp\/v2\/pages\/3277\/revisions"}],"wp:featuredmedia":[{"embeddable":true,"href":"https:\/\/www.luxury-bed.fr\/en\/wp-json\/wp\/v2\/media\/1808"}],"wp:attachment":[{"href":"https:\/\/www.luxury-bed.fr\/en\/wp-json\/wp\/v2\/media?parent=3277"}],"curies":[{"name":"wp","href":"https:\/\/api.w.org\/{rel}","templated":true}]}}