{"id":664,"date":"2015-11-18T15:31:47","date_gmt":"2015-11-18T14:31:47","guid":{"rendered":"https:\/\/www.luxury-bed.fr\/?page_id=664"},"modified":"2017-12-21T10:32:08","modified_gmt":"2017-12-21T09:32:08","slug":"legal-notice","status":"publish","type":"page","link":"https:\/\/www.luxury-bed.fr\/en\/legal-notice\/","title":{"rendered":"Legal Notice"},"content":{"rendered":"<div style=\"width: 550px; margin-right: 80px; float: left;\">\n<h3>This site belongs to:<\/h3>\n<p>SMD \u2014 La Literie Id\u00e9ale \u2014 SIRET 39534553100010<br \/>\nRepresented by: Gilles DEMANGE<br \/>\n191 Route de Grenoble \u2014 69800 ST PRIEST<br \/>\nTelephone: +33 (0)4 78 90 55 55<\/p>\n<p>&nbsp;<\/p>\n<h3>This site is conceived by :<\/h3>\n<p>UpMyBiz<br \/>\n39 rue Saint-Simon &#8211; 69009 Lyon<br \/>\n<a href=\"https:\/\/www.upmybiz.com\">https:\/\/www.upmybiz.com<\/a><br \/>\nT\u00e9l. : +33 (0)4 74 70 93 71<\/p>\n<p>&nbsp;<\/p>\n<h3>This site is developed by :<\/h3>\n<p>Coreight<br \/>\n<a href=\"http:\/\/www.coreight.net\/\">http:\/\/www.coreight.net\/<\/a><\/p>\n<p>&nbsp;<\/p>\n<h3>The site is hosted by:<\/h3>\n<p>OVH<br \/>\nSAS with share capital of 10 000 000\u20ac<br \/>\nRCS Roubaix \u2014 Tourcoing 424 761 419 00045<br \/>\nCode APE 6202A<br \/>\nVAT Number: FR 22 424 761 419<br \/>\nHeadquarters: 2 rue Kellermann \u2014 59100 Roubaix \u2014 France<br \/>\nPublishing director: Octave KLABA<\/p>\n<p>&nbsp;<\/p>\n<\/div>\n<div style=\"width: 550px; float: left;\">\n<h3>Legal Information<\/h3>\n<p>The personal information we collect for online sales transactions is required for the treatment and routing of orders, billing, and guarantees. Without this information, orders will not be validated.<\/p>\n<p>In conformity with the law on Information Technology and Freedom (\u201cInformatique et Libert\u00e9s\u201d), the treatment of nominative information is declared to the Commission Nationale de l\u2019Informatique et des Libert\u00e9s (CNIL).<\/p>\n<p>The clients have the right to access, modify, rectify and delete data concerning them (article 34 of the law of 6 January 1978), rights which they can exercise with LUXURY BED.<\/p>\n<p>Furthermore, LUXURY BED commits itself to not communicate, under any circumstances, client information to a third party.<\/p>\n<\/div>\n","protected":false},"excerpt":{"rendered":"<p>This site belongs to: SMD \u2014 La Literie Id\u00e9ale \u2014 SIRET 39534553100010 Represented by: Gilles DEMANGE 191 Route de Grenoble \u2014 69800 ST PRIEST Telephone: +33 (0)4 78 90 55 55 &nbsp; This site is conceived by : UpMyBiz 39 rue Saint-Simon &#8211; 69009 Lyon https:\/\/www.upmybiz.com T\u00e9l. : +33 (0)4 74 70 93 71 &nbsp; [&#8230;]<\/p>\n<p><a class=\"btn btn-secondary understrap-read-more-link\" href=\"https:\/\/www.luxury-bed.fr\/en\/legal-notice\/\">Read More&#8230;<span class=\"screen-reader-text\"> from Legal Notice<\/span><\/a><\/p>\n","protected":false},"author":5,"featured_media":0,"parent":0,"menu_order":3,"comment_status":"open","ping_status":"open","template":"","meta":{"_acf_changed":false,"inline_featured_image":false,"footnotes":""},"class_list":["post-664","page","type-page","status-publish","hentry"],"acf":[],"yoast_head":"<!-- This site is optimized with the Yoast SEO plugin v27.2 - https:\/\/yoast.com\/product\/yoast-seo-wordpress\/ -->\n<title>Legal Notice - Luxury Bed<\/title>\n<meta name=\"robots\" content=\"index, follow, max-snippet:-1, max-image-preview:large, max-video-preview:-1\" \/>\n<link rel=\"canonical\" href=\"https:\/\/www.luxury-bed.fr\/en\/legal-notice\/\" \/>\n<meta property=\"og:locale\" content=\"en_US\" \/>\n<meta property=\"og:type\" content=\"article\" \/>\n<meta property=\"og:title\" content=\"Legal Notice - Luxury Bed\" \/>\n<meta property=\"og:description\" content=\"This site belongs to: SMD \u2014 La Literie Id\u00e9ale \u2014 SIRET 39534553100010 Represented by: Gilles DEMANGE 191 Route de Grenoble \u2014 69800 ST PRIEST Telephone: +33 (0)4 78 90 55 55 &nbsp; This site is conceived by : UpMyBiz 39 rue Saint-Simon &#8211; 69009 Lyon https:\/\/www.upmybiz.com T\u00e9l. : +33 (0)4 74 70 93 71 &nbsp; [...]Read More... from Legal Notice\" \/>\n<meta property=\"og:url\" content=\"https:\/\/www.luxury-bed.fr\/en\/legal-notice\/\" \/>\n<meta property=\"og:site_name\" content=\"Luxury Bed\" \/>\n<meta property=\"article:modified_time\" content=\"2017-12-21T09:32:08+00:00\" \/>\n<meta name=\"twitter:card\" content=\"summary_large_image\" \/>\n<meta name=\"twitter:label1\" content=\"Est. reading time\" \/>\n\t<meta name=\"twitter:data1\" content=\"1 minute\" \/>\n<script type=\"application\/ld+json\" class=\"yoast-schema-graph\">{\"@context\":\"https:\/\/schema.org\",\"@graph\":[{\"@type\":\"WebPage\",\"@id\":\"https:\/\/www.luxury-bed.fr\/en\/legal-notice\/\",\"url\":\"https:\/\/www.luxury-bed.fr\/en\/legal-notice\/\",\"name\":\"Legal Notice - Luxury Bed\",\"isPartOf\":{\"@id\":\"https:\/\/www.luxury-bed.fr\/#website\"},\"datePublished\":\"2015-11-18T14:31:47+00:00\",\"dateModified\":\"2017-12-21T09:32:08+00:00\",\"breadcrumb\":{\"@id\":\"https:\/\/www.luxury-bed.fr\/en\/legal-notice\/#breadcrumb\"},\"inLanguage\":\"en-US\",\"potentialAction\":[{\"@type\":\"ReadAction\",\"target\":[\"https:\/\/www.luxury-bed.fr\/en\/legal-notice\/\"]}]},{\"@type\":\"BreadcrumbList\",\"@id\":\"https:\/\/www.luxury-bed.fr\/en\/legal-notice\/#breadcrumb\",\"itemListElement\":[{\"@type\":\"ListItem\",\"position\":1,\"name\":\"Accueil\",\"item\":\"https:\/\/www.luxury-bed.fr\/en\/\"},{\"@type\":\"ListItem\",\"position\":2,\"name\":\"Legal Notice\"}]},{\"@type\":\"WebSite\",\"@id\":\"https:\/\/www.luxury-bed.fr\/#website\",\"url\":\"https:\/\/www.luxury-bed.fr\/\",\"name\":\"Luxury Bed\",\"description\":\"Vente literie de luxe Simmons, H\u00e4stens \u00e0 Lyon (69 - Rh\u00f4ne)\",\"publisher\":{\"@id\":\"https:\/\/www.luxury-bed.fr\/#organization\"},\"potentialAction\":[{\"@type\":\"SearchAction\",\"target\":{\"@type\":\"EntryPoint\",\"urlTemplate\":\"https:\/\/www.luxury-bed.fr\/?s={search_term_string}\"},\"query-input\":{\"@type\":\"PropertyValueSpecification\",\"valueRequired\":true,\"valueName\":\"search_term_string\"}}],\"inLanguage\":\"en-US\"},{\"@type\":\"Organization\",\"@id\":\"https:\/\/www.luxury-bed.fr\/#organization\",\"name\":\"Luxury Bed\",\"url\":\"https:\/\/www.luxury-bed.fr\/\",\"logo\":{\"@type\":\"ImageObject\",\"inLanguage\":\"en-US\",\"@id\":\"https:\/\/www.luxury-bed.fr\/#\/schema\/logo\/image\/\",\"url\":\"https:\/\/www.luxury-bed.fr\/wp-content\/uploads\/2017\/10\/Logo-LB.png\",\"contentUrl\":\"https:\/\/www.luxury-bed.fr\/wp-content\/uploads\/2017\/10\/Logo-LB.png\",\"width\":317,\"height\":125,\"caption\":\"Luxury Bed\"},\"image\":{\"@id\":\"https:\/\/www.luxury-bed.fr\/#\/schema\/logo\/image\/\"}}]}<\/script>\n<!-- \/ Yoast SEO plugin. -->","yoast_head_json":{"title":"Legal Notice - Luxury Bed","robots":{"index":"index","follow":"follow","max-snippet":"max-snippet:-1","max-image-preview":"max-image-preview:large","max-video-preview":"max-video-preview:-1"},"canonical":"https:\/\/www.luxury-bed.fr\/en\/legal-notice\/","og_locale":"en_US","og_type":"article","og_title":"Legal Notice - Luxury Bed","og_description":"This site belongs to: SMD \u2014 La Literie Id\u00e9ale \u2014 SIRET 39534553100010 Represented by: Gilles DEMANGE 191 Route de Grenoble \u2014 69800 ST PRIEST Telephone: +33 (0)4 78 90 55 55 &nbsp; This site is conceived by : UpMyBiz 39 rue Saint-Simon &#8211; 69009 Lyon https:\/\/www.upmybiz.com T\u00e9l. : +33 (0)4 74 70 93 71 &nbsp; [...]Read More... from Legal Notice","og_url":"https:\/\/www.luxury-bed.fr\/en\/legal-notice\/","og_site_name":"Luxury Bed","article_modified_time":"2017-12-21T09:32:08+00:00","twitter_card":"summary_large_image","twitter_misc":{"Est. reading time":"1 minute"},"schema":{"@context":"https:\/\/schema.org","@graph":[{"@type":"WebPage","@id":"https:\/\/www.luxury-bed.fr\/en\/legal-notice\/","url":"https:\/\/www.luxury-bed.fr\/en\/legal-notice\/","name":"Legal Notice - Luxury Bed","isPartOf":{"@id":"https:\/\/www.luxury-bed.fr\/#website"},"datePublished":"2015-11-18T14:31:47+00:00","dateModified":"2017-12-21T09:32:08+00:00","breadcrumb":{"@id":"https:\/\/www.luxury-bed.fr\/en\/legal-notice\/#breadcrumb"},"inLanguage":"en-US","potentialAction":[{"@type":"ReadAction","target":["https:\/\/www.luxury-bed.fr\/en\/legal-notice\/"]}]},{"@type":"BreadcrumbList","@id":"https:\/\/www.luxury-bed.fr\/en\/legal-notice\/#breadcrumb","itemListElement":[{"@type":"ListItem","position":1,"name":"Accueil","item":"https:\/\/www.luxury-bed.fr\/en\/"},{"@type":"ListItem","position":2,"name":"Legal Notice"}]},{"@type":"WebSite","@id":"https:\/\/www.luxury-bed.fr\/#website","url":"https:\/\/www.luxury-bed.fr\/","name":"Luxury Bed","description":"Vente literie de luxe Simmons, H\u00e4stens \u00e0 Lyon (69 - Rh\u00f4ne)","publisher":{"@id":"https:\/\/www.luxury-bed.fr\/#organization"},"potentialAction":[{"@type":"SearchAction","target":{"@type":"EntryPoint","urlTemplate":"https:\/\/www.luxury-bed.fr\/?s={search_term_string}"},"query-input":{"@type":"PropertyValueSpecification","valueRequired":true,"valueName":"search_term_string"}}],"inLanguage":"en-US"},{"@type":"Organization","@id":"https:\/\/www.luxury-bed.fr\/#organization","name":"Luxury Bed","url":"https:\/\/www.luxury-bed.fr\/","logo":{"@type":"ImageObject","inLanguage":"en-US","@id":"https:\/\/www.luxury-bed.fr\/#\/schema\/logo\/image\/","url":"https:\/\/www.luxury-bed.fr\/wp-content\/uploads\/2017\/10\/Logo-LB.png","contentUrl":"https:\/\/www.luxury-bed.fr\/wp-content\/uploads\/2017\/10\/Logo-LB.png","width":317,"height":125,"caption":"Luxury Bed"},"image":{"@id":"https:\/\/www.luxury-bed.fr\/#\/schema\/logo\/image\/"}}]}},"_links":{"self":[{"href":"https:\/\/www.luxury-bed.fr\/en\/wp-json\/wp\/v2\/pages\/664","targetHints":{"allow":["GET"]}}],"collection":[{"href":"https:\/\/www.luxury-bed.fr\/en\/wp-json\/wp\/v2\/pages"}],"about":[{"href":"https:\/\/www.luxury-bed.fr\/en\/wp-json\/wp\/v2\/types\/page"}],"author":[{"embeddable":true,"href":"https:\/\/www.luxury-bed.fr\/en\/wp-json\/wp\/v2\/users\/5"}],"replies":[{"embeddable":true,"href":"https:\/\/www.luxury-bed.fr\/en\/wp-json\/wp\/v2\/comments?post=664"}],"version-history":[{"count":0,"href":"https:\/\/www.luxury-bed.fr\/en\/wp-json\/wp\/v2\/pages\/664\/revisions"}],"wp:attachment":[{"href":"https:\/\/www.luxury-bed.fr\/en\/wp-json\/wp\/v2\/media?parent=664"}],"curies":[{"name":"wp","href":"https:\/\/api.w.org\/{rel}","templated":true}]}}