{"id":666,"date":"2015-11-18T15:39:41","date_gmt":"2015-11-18T14:39:41","guid":{"rendered":"https:\/\/www.luxury-bed.fr\/?page_id=666"},"modified":"2021-09-28T08:57:22","modified_gmt":"2021-09-28T07:57:22","slug":"your-luxury-bed-shop","status":"publish","type":"page","link":"https:\/\/www.luxury-bed.fr\/en\/your-luxury-bed-shop\/","title":{"rendered":"Your Luxury Bed Shop"},"content":{"rendered":"","protected":false},"excerpt":{"rendered":"<p> [&#8230;]<\/p>\n<p><a class=\"btn btn-secondary understrap-read-more-link\" href=\"https:\/\/www.luxury-bed.fr\/en\/your-luxury-bed-shop\/\">Read More&#8230;<span class=\"screen-reader-text\"> from Your Luxury Bed Shop<\/span><\/a><\/p>\n","protected":false},"author":5,"featured_media":3483,"parent":0,"menu_order":0,"comment_status":"open","ping_status":"open","template":"page-templates\/cmspage.php","meta":{"_acf_changed":false,"inline_featured_image":false,"footnotes":""},"class_list":["post-666","page","type-page","status-publish","has-post-thumbnail","hentry"],"acf":[],"yoast_head":"<!-- This site is optimized with the Yoast SEO plugin v27.2 - https:\/\/yoast.com\/product\/yoast-seo-wordpress\/ -->\n<title>Luxury Bed, your luxury bedding store in Lyon<\/title>\n<meta name=\"description\" content=\"Enter the Luxury Bed universe, a world where comfort and voluptuousness are matched only by the know-how of the greatest bedding brands.\" \/>\n<meta name=\"robots\" content=\"index, follow, max-snippet:-1, max-image-preview:large, max-video-preview:-1\" \/>\n<link rel=\"canonical\" href=\"https:\/\/www.luxury-bed.fr\/en\/your-luxury-bed-shop\/\" \/>\n<meta property=\"og:locale\" content=\"en_US\" \/>\n<meta property=\"og:type\" content=\"article\" \/>\n<meta property=\"og:title\" content=\"Luxury Bed, your luxury bedding store in Lyon\" \/>\n<meta property=\"og:description\" content=\"Enter the Luxury Bed universe, a world where comfort and voluptuousness are matched only by the know-how of the greatest bedding brands.\" \/>\n<meta property=\"og:url\" content=\"https:\/\/www.luxury-bed.fr\/en\/your-luxury-bed-shop\/\" \/>\n<meta property=\"og:site_name\" content=\"Luxury Bed\" \/>\n<meta property=\"article:modified_time\" content=\"2021-09-28T07:57:22+00:00\" \/>\n<meta property=\"og:image\" content=\"https:\/\/www.luxury-bed.fr\/wp-content\/uploads\/2021\/06\/VP-Slider2-Luxurybed-1.jpg\" \/>\n\t<meta property=\"og:image:width\" content=\"2000\" \/>\n\t<meta property=\"og:image:height\" content=\"600\" \/>\n\t<meta property=\"og:image:type\" content=\"image\/jpeg\" \/>\n<meta name=\"twitter:card\" content=\"summary_large_image\" \/>\n<script type=\"application\/ld+json\" class=\"yoast-schema-graph\">{\"@context\":\"https:\/\/schema.org\",\"@graph\":[{\"@type\":\"WebPage\",\"@id\":\"https:\/\/www.luxury-bed.fr\/en\/your-luxury-bed-shop\/\",\"url\":\"https:\/\/www.luxury-bed.fr\/en\/your-luxury-bed-shop\/\",\"name\":\"Luxury Bed, your luxury bedding store in Lyon\",\"isPartOf\":{\"@id\":\"https:\/\/www.luxury-bed.fr\/#website\"},\"primaryImageOfPage\":{\"@id\":\"https:\/\/www.luxury-bed.fr\/en\/your-luxury-bed-shop\/#primaryimage\"},\"image\":{\"@id\":\"https:\/\/www.luxury-bed.fr\/en\/your-luxury-bed-shop\/#primaryimage\"},\"thumbnailUrl\":\"https:\/\/www.luxury-bed.fr\/wp-content\/uploads\/2021\/06\/VP-Slider2-Luxurybed-1.jpg\",\"datePublished\":\"2015-11-18T14:39:41+00:00\",\"dateModified\":\"2021-09-28T07:57:22+00:00\",\"description\":\"Enter the Luxury Bed universe, a world where comfort and voluptuousness are matched only by the know-how of the greatest bedding brands.\",\"breadcrumb\":{\"@id\":\"https:\/\/www.luxury-bed.fr\/en\/your-luxury-bed-shop\/#breadcrumb\"},\"inLanguage\":\"en-US\",\"potentialAction\":[{\"@type\":\"ReadAction\",\"target\":[\"https:\/\/www.luxury-bed.fr\/en\/your-luxury-bed-shop\/\"]}]},{\"@type\":\"ImageObject\",\"inLanguage\":\"en-US\",\"@id\":\"https:\/\/www.luxury-bed.fr\/en\/your-luxury-bed-shop\/#primaryimage\",\"url\":\"https:\/\/www.luxury-bed.fr\/wp-content\/uploads\/2021\/06\/VP-Slider2-Luxurybed-1.jpg\",\"contentUrl\":\"https:\/\/www.luxury-bed.fr\/wp-content\/uploads\/2021\/06\/VP-Slider2-Luxurybed-1.jpg\",\"width\":2000,\"height\":600,\"caption\":\"vp\"},{\"@type\":\"BreadcrumbList\",\"@id\":\"https:\/\/www.luxury-bed.fr\/en\/your-luxury-bed-shop\/#breadcrumb\",\"itemListElement\":[{\"@type\":\"ListItem\",\"position\":1,\"name\":\"Accueil\",\"item\":\"https:\/\/www.luxury-bed.fr\/en\/\"},{\"@type\":\"ListItem\",\"position\":2,\"name\":\"Your Luxury Bed Shop\"}]},{\"@type\":\"WebSite\",\"@id\":\"https:\/\/www.luxury-bed.fr\/#website\",\"url\":\"https:\/\/www.luxury-bed.fr\/\",\"name\":\"Luxury Bed\",\"description\":\"Vente literie de luxe Simmons, H\u00e4stens \u00e0 Lyon (69 - Rh\u00f4ne)\",\"publisher\":{\"@id\":\"https:\/\/www.luxury-bed.fr\/#organization\"},\"potentialAction\":[{\"@type\":\"SearchAction\",\"target\":{\"@type\":\"EntryPoint\",\"urlTemplate\":\"https:\/\/www.luxury-bed.fr\/?s={search_term_string}\"},\"query-input\":{\"@type\":\"PropertyValueSpecification\",\"valueRequired\":true,\"valueName\":\"search_term_string\"}}],\"inLanguage\":\"en-US\"},{\"@type\":\"Organization\",\"@id\":\"https:\/\/www.luxury-bed.fr\/#organization\",\"name\":\"Luxury Bed\",\"url\":\"https:\/\/www.luxury-bed.fr\/\",\"logo\":{\"@type\":\"ImageObject\",\"inLanguage\":\"en-US\",\"@id\":\"https:\/\/www.luxury-bed.fr\/#\/schema\/logo\/image\/\",\"url\":\"https:\/\/www.luxury-bed.fr\/wp-content\/uploads\/2017\/10\/Logo-LB.png\",\"contentUrl\":\"https:\/\/www.luxury-bed.fr\/wp-content\/uploads\/2017\/10\/Logo-LB.png\",\"width\":317,\"height\":125,\"caption\":\"Luxury Bed\"},\"image\":{\"@id\":\"https:\/\/www.luxury-bed.fr\/#\/schema\/logo\/image\/\"}}]}<\/script>\n<!-- \/ Yoast SEO plugin. -->","yoast_head_json":{"title":"Luxury Bed, your luxury bedding store in Lyon","description":"Enter the Luxury Bed universe, a world where comfort and voluptuousness are matched only by the know-how of the greatest bedding brands.","robots":{"index":"index","follow":"follow","max-snippet":"max-snippet:-1","max-image-preview":"max-image-preview:large","max-video-preview":"max-video-preview:-1"},"canonical":"https:\/\/www.luxury-bed.fr\/en\/your-luxury-bed-shop\/","og_locale":"en_US","og_type":"article","og_title":"Luxury Bed, your luxury bedding store in Lyon","og_description":"Enter the Luxury Bed universe, a world where comfort and voluptuousness are matched only by the know-how of the greatest bedding brands.","og_url":"https:\/\/www.luxury-bed.fr\/en\/your-luxury-bed-shop\/","og_site_name":"Luxury Bed","article_modified_time":"2021-09-28T07:57:22+00:00","og_image":[{"width":2000,"height":600,"url":"https:\/\/www.luxury-bed.fr\/wp-content\/uploads\/2021\/06\/VP-Slider2-Luxurybed-1.jpg","type":"image\/jpeg"}],"twitter_card":"summary_large_image","schema":{"@context":"https:\/\/schema.org","@graph":[{"@type":"WebPage","@id":"https:\/\/www.luxury-bed.fr\/en\/your-luxury-bed-shop\/","url":"https:\/\/www.luxury-bed.fr\/en\/your-luxury-bed-shop\/","name":"Luxury Bed, your luxury bedding store in Lyon","isPartOf":{"@id":"https:\/\/www.luxury-bed.fr\/#website"},"primaryImageOfPage":{"@id":"https:\/\/www.luxury-bed.fr\/en\/your-luxury-bed-shop\/#primaryimage"},"image":{"@id":"https:\/\/www.luxury-bed.fr\/en\/your-luxury-bed-shop\/#primaryimage"},"thumbnailUrl":"https:\/\/www.luxury-bed.fr\/wp-content\/uploads\/2021\/06\/VP-Slider2-Luxurybed-1.jpg","datePublished":"2015-11-18T14:39:41+00:00","dateModified":"2021-09-28T07:57:22+00:00","description":"Enter the Luxury Bed universe, a world where comfort and voluptuousness are matched only by the know-how of the greatest bedding brands.","breadcrumb":{"@id":"https:\/\/www.luxury-bed.fr\/en\/your-luxury-bed-shop\/#breadcrumb"},"inLanguage":"en-US","potentialAction":[{"@type":"ReadAction","target":["https:\/\/www.luxury-bed.fr\/en\/your-luxury-bed-shop\/"]}]},{"@type":"ImageObject","inLanguage":"en-US","@id":"https:\/\/www.luxury-bed.fr\/en\/your-luxury-bed-shop\/#primaryimage","url":"https:\/\/www.luxury-bed.fr\/wp-content\/uploads\/2021\/06\/VP-Slider2-Luxurybed-1.jpg","contentUrl":"https:\/\/www.luxury-bed.fr\/wp-content\/uploads\/2021\/06\/VP-Slider2-Luxurybed-1.jpg","width":2000,"height":600,"caption":"vp"},{"@type":"BreadcrumbList","@id":"https:\/\/www.luxury-bed.fr\/en\/your-luxury-bed-shop\/#breadcrumb","itemListElement":[{"@type":"ListItem","position":1,"name":"Accueil","item":"https:\/\/www.luxury-bed.fr\/en\/"},{"@type":"ListItem","position":2,"name":"Your Luxury Bed Shop"}]},{"@type":"WebSite","@id":"https:\/\/www.luxury-bed.fr\/#website","url":"https:\/\/www.luxury-bed.fr\/","name":"Luxury Bed","description":"Vente literie de luxe Simmons, H\u00e4stens \u00e0 Lyon (69 - Rh\u00f4ne)","publisher":{"@id":"https:\/\/www.luxury-bed.fr\/#organization"},"potentialAction":[{"@type":"SearchAction","target":{"@type":"EntryPoint","urlTemplate":"https:\/\/www.luxury-bed.fr\/?s={search_term_string}"},"query-input":{"@type":"PropertyValueSpecification","valueRequired":true,"valueName":"search_term_string"}}],"inLanguage":"en-US"},{"@type":"Organization","@id":"https:\/\/www.luxury-bed.fr\/#organization","name":"Luxury Bed","url":"https:\/\/www.luxury-bed.fr\/","logo":{"@type":"ImageObject","inLanguage":"en-US","@id":"https:\/\/www.luxury-bed.fr\/#\/schema\/logo\/image\/","url":"https:\/\/www.luxury-bed.fr\/wp-content\/uploads\/2017\/10\/Logo-LB.png","contentUrl":"https:\/\/www.luxury-bed.fr\/wp-content\/uploads\/2017\/10\/Logo-LB.png","width":317,"height":125,"caption":"Luxury Bed"},"image":{"@id":"https:\/\/www.luxury-bed.fr\/#\/schema\/logo\/image\/"}}]}},"_links":{"self":[{"href":"https:\/\/www.luxury-bed.fr\/en\/wp-json\/wp\/v2\/pages\/666","targetHints":{"allow":["GET"]}}],"collection":[{"href":"https:\/\/www.luxury-bed.fr\/en\/wp-json\/wp\/v2\/pages"}],"about":[{"href":"https:\/\/www.luxury-bed.fr\/en\/wp-json\/wp\/v2\/types\/page"}],"author":[{"embeddable":true,"href":"https:\/\/www.luxury-bed.fr\/en\/wp-json\/wp\/v2\/users\/5"}],"replies":[{"embeddable":true,"href":"https:\/\/www.luxury-bed.fr\/en\/wp-json\/wp\/v2\/comments?post=666"}],"version-history":[{"count":0,"href":"https:\/\/www.luxury-bed.fr\/en\/wp-json\/wp\/v2\/pages\/666\/revisions"}],"wp:featuredmedia":[{"embeddable":true,"href":"https:\/\/www.luxury-bed.fr\/en\/wp-json\/wp\/v2\/media\/3483"}],"wp:attachment":[{"href":"https:\/\/www.luxury-bed.fr\/en\/wp-json\/wp\/v2\/media?parent=666"}],"curies":[{"name":"wp","href":"https:\/\/api.w.org\/{rel}","templated":true}]}}